{"id":24,"date":"2020-08-01T17:32:51","date_gmt":"2020-08-01T17:32:51","guid":{"rendered":"http:\/\/nuriabach.com\/?page_id=24"},"modified":"2020-08-22T06:26:18","modified_gmt":"2020-08-22T06:26:18","slug":"contacte","status":"publish","type":"page","link":"http:\/\/nuriabach.com\/?page_id=24","title":{"rendered":"Contacte"},"content":{"rendered":"<p>Si necessites posar-te en contacte amb nosaltres,\u00a0 aqu\u00ed trobar\u00e0s tota la informaci\u00f3.<\/p>\r\n\r\n<div class=\"wp-block-columns is-layout-flex wp-container-core-columns-is-layout-9d6595d7 wp-block-columns-is-layout-flex\">\r\n<div class=\"wp-block-column is-layout-flow wp-block-column-is-layout-flow\">\r\n<div class=\"wp-block-image\">\r\n<figure class=\"aligncenter\"><img loading=\"lazy\" decoding=\"async\" width=\"70\" height=\"70\" class=\"wp-image-183\" src=\"http:\/\/nuriabach.com\/wp-content\/uploads\/2020\/08\/Ubicacion10.png\" alt=\"\" srcset=\"http:\/\/nuriabach.com\/wp-content\/uploads\/2020\/08\/Ubicacion10.png 70w, http:\/\/nuriabach.com\/wp-content\/uploads\/2020\/08\/Ubicacion10-60x60.png 60w\" sizes=\"auto, (max-width: 70px) 100vw, 70px\" \/>\r\n<figcaption>Josefines, 3<br \/>08224 Terrassa<\/figcaption>\r\n<\/figure>\r\n<\/div>\r\n<\/div>\r\n\r\n\r\n\r\n<div class=\"wp-block-column is-layout-flow wp-block-column-is-layout-flow\">\r\n<div class=\"wp-block-image\">\r\n<figure class=\"aligncenter size-large\"><img loading=\"lazy\" decoding=\"async\" width=\"70\" height=\"70\" class=\"wp-image-184\" src=\"http:\/\/nuriabach.com\/wp-content\/uploads\/2020\/08\/telefono10.png\" alt=\"\" srcset=\"http:\/\/nuriabach.com\/wp-content\/uploads\/2020\/08\/telefono10.png 70w, http:\/\/nuriabach.com\/wp-content\/uploads\/2020\/08\/telefono10-60x60.png 60w\" sizes=\"auto, (max-width: 70px) 100vw, 70px\" \/>\r\n<figcaption>930295137<\/figcaption>\r\n<\/figure>\r\n<\/div>\r\n<\/div>\r\n\r\n\r\n\r\n<div class=\"wp-block-column is-layout-flow wp-block-column-is-layout-flow\">\r\n<div class=\"wp-block-image\">\r\n<figure class=\"aligncenter size-large\"><img loading=\"lazy\" decoding=\"async\" width=\"70\" height=\"70\" class=\"wp-image-185\" src=\"http:\/\/nuriabach.com\/wp-content\/uploads\/2020\/08\/correu10.png\" alt=\"\" srcset=\"http:\/\/nuriabach.com\/wp-content\/uploads\/2020\/08\/correu10.png 70w, http:\/\/nuriabach.com\/wp-content\/uploads\/2020\/08\/correu10-60x60.png 60w\" sizes=\"auto, (max-width: 70px) 100vw, 70px\" \/>\r\n<figcaption>info@nuriabach.com<\/figcaption>\r\n<\/figure>\r\n<\/div>\r\n\r\n\r\n\r\n<p>&nbsp;<\/p>\r\n<\/div>\r\n<\/div>\r\n\r\n\r\n\r\n<p>O b\u00e9, pots emplenar el seg\u00fcent formulari per enviar-nos un Email.<\/p>\r\n\r\n\r\n\r\n<p>Rebr\u00e0s resposta al m\u00e9s aviat possible.<\/p>\r\n\r\n\r\n\n<div class=\"wpcf7 no-js\" id=\"wpcf7-f116-o1\" lang=\"es-ES\" dir=\"ltr\" data-wpcf7-id=\"116\">\n<div class=\"screen-reader-response\"><p role=\"status\" aria-live=\"polite\" aria-atomic=\"true\"><\/p> <ul><\/ul><\/div>\n<form action=\"\/index.php?rest_route=%2Fwp%2Fv2%2Fpages%2F24#wpcf7-f116-o1\" method=\"post\" class=\"wpcf7-form init\" aria-label=\"Formulario de contacto\" novalidate=\"novalidate\" data-status=\"init\">\n<fieldset class=\"hidden-fields-container\"><input type=\"hidden\" name=\"_wpcf7\" value=\"116\" \/><input type=\"hidden\" name=\"_wpcf7_version\" value=\"6.1.4\" \/><input type=\"hidden\" name=\"_wpcf7_locale\" value=\"es_ES\" \/><input type=\"hidden\" name=\"_wpcf7_unit_tag\" value=\"wpcf7-f116-o1\" \/><input type=\"hidden\" name=\"_wpcf7_container_post\" value=\"0\" \/><input type=\"hidden\" name=\"_wpcf7_posted_data_hash\" value=\"\" \/>\n<\/fieldset>\n<p><label><b> Nom <\/b>(obligatori)<br \/>\n<span class=\"wpcf7-form-control-wrap\" data-name=\"your-name\"><input size=\"40\" maxlength=\"400\" class=\"wpcf7-form-control wpcf7-text wpcf7-validates-as-required\" aria-required=\"true\" aria-invalid=\"false\" value=\"\" type=\"text\" name=\"your-name\" \/><\/span> <\/label>\n<\/p>\n<p><label> <b> El teu correu electr\u00f2nic<\/b> (obligatori)<br \/>\n<span class=\"wpcf7-form-control-wrap\" data-name=\"your-email\"><input size=\"40\" maxlength=\"400\" class=\"wpcf7-form-control wpcf7-email wpcf7-validates-as-required wpcf7-text wpcf7-validates-as-email\" aria-required=\"true\" aria-invalid=\"false\" value=\"\" type=\"email\" name=\"your-email\" \/><\/span> <\/label>\n<\/p>\n<p><label> <b> Assumpte:<\/b><br \/>\n<span class=\"wpcf7-form-control-wrap\" data-name=\"your-subject\"><input size=\"40\" maxlength=\"400\" class=\"wpcf7-form-control wpcf7-text\" aria-invalid=\"false\" value=\"\" type=\"text\" name=\"your-subject\" \/><\/span> <\/label>\n<\/p>\n<p><label> <b> Missatge:<\/b><br \/>\n<span class=\"wpcf7-form-control-wrap\" data-name=\"your-message\"><textarea cols=\"40\" rows=\"10\" maxlength=\"2000\" class=\"wpcf7-form-control wpcf7-textarea\" aria-invalid=\"false\" name=\"your-message\"><\/textarea><\/span> <\/label>\n<\/p>\n<p>Entrar aquest codi: <input type=\"hidden\" name=\"_wpcf7_captcha_challenge_captcha-778\" value=\"3024905652\" \/><img loading=\"lazy\" decoding=\"async\" class=\"wpcf7-form-control wpcf7-captchac wpcf7-captcha-captcha-778\" width=\"84\" height=\"28\" alt=\"captcha\" src=\"http:\/\/nuriabach.com\/wp-content\/uploads\/wpcf7_captcha\/3024905652.png\" \/><br \/>\n<span class=\"wpcf7-form-control-wrap\" data-name=\"captcha-778\"><input size=\"4\" maxlength=\"4\" class=\"wpcf7-form-control wpcf7-captchar\" autocomplete=\"off\" aria-invalid=\"false\" value=\"\" type=\"text\" name=\"captcha-778\" \/><\/span>\n<\/p>\n<p><input class=\"wpcf7-form-control wpcf7-submit has-spinner\" type=\"submit\" value=\"Enviar\" \/>\n<\/p><div class=\"wpcf7-response-output\" aria-hidden=\"true\"><\/div>\n<\/form>\n<\/div>\n\n","protected":false},"excerpt":{"rendered":"<p>Si necessites posar-te en contacte amb nosaltres,\u00a0 aqu\u00ed trobar\u00e0s tota la informaci\u00f3. &nbsp; O b\u00e9, pots emplenar el seg\u00fcent formulari per enviar-nos un Email. Rebr\u00e0s &hellip; <\/p>\n","protected":false},"author":1,"featured_media":0,"parent":0,"menu_order":0,"comment_status":"closed","ping_status":"closed","template":"","meta":{"footnotes":""},"class_list":["post-24","page","type-page","status-publish","hentry"],"yoast_head":"<!-- This site is optimized with the Yoast SEO plugin v26.5 - https:\/\/yoast.com\/wordpress\/plugins\/seo\/ -->\n<title>Contacte - N\u00faria Bach - Comen\u00e7a [ment]<\/title>\n<meta name=\"description\" content=\"Comen\u00e7a[ment] N\u00faria Bach - Centre de Logop\u00e8dia - Josefines,3 - 08224 Terrassa - Tel: 930295137 - Email: info@nuriabach.com\" \/>\n<meta name=\"robots\" content=\"index, follow, max-snippet:-1, max-image-preview:large, max-video-preview:-1\" \/>\n<link rel=\"canonical\" href=\"https:\/\/nuriabach.com\/?page_id=24\" \/>\n<meta property=\"og:locale\" content=\"es_ES\" \/>\n<meta property=\"og:type\" content=\"article\" \/>\n<meta property=\"og:title\" content=\"Contacte - N\u00faria Bach - Comen\u00e7a [ment]\" \/>\n<meta property=\"og:description\" content=\"Comen\u00e7a[ment] N\u00faria Bach - Centre de Logop\u00e8dia - Josefines,3 - 08224 Terrassa - Tel: 930295137 - Email: info@nuriabach.com\" \/>\n<meta property=\"og:url\" content=\"https:\/\/nuriabach.com\/?page_id=24\" \/>\n<meta property=\"og:site_name\" content=\"N\u00faria Bach - Comen\u00e7a [ment]\" \/>\n<meta property=\"article:modified_time\" content=\"2020-08-22T06:26:18+00:00\" \/>\n<meta property=\"og:image\" content=\"http:\/\/nuriabach.com\/wp-content\/uploads\/2020\/08\/Ubicacion10.png\" \/>\n<meta name=\"twitter:card\" content=\"summary_large_image\" \/>\n<script type=\"application\/ld+json\" class=\"yoast-schema-graph\">{\"@context\":\"https:\/\/schema.org\",\"@graph\":[{\"@type\":\"WebPage\",\"@id\":\"https:\/\/nuriabach.com\/?page_id=24\",\"url\":\"https:\/\/nuriabach.com\/?page_id=24\",\"name\":\"Contacte - N\u00faria Bach - Comen\u00e7a [ment]\",\"isPartOf\":{\"@id\":\"http:\/\/nuriabach.com\/#website\"},\"primaryImageOfPage\":{\"@id\":\"https:\/\/nuriabach.com\/?page_id=24#primaryimage\"},\"image\":{\"@id\":\"https:\/\/nuriabach.com\/?page_id=24#primaryimage\"},\"thumbnailUrl\":\"http:\/\/nuriabach.com\/wp-content\/uploads\/2020\/08\/Ubicacion10.png\",\"datePublished\":\"2020-08-01T17:32:51+00:00\",\"dateModified\":\"2020-08-22T06:26:18+00:00\",\"description\":\"Comen\u00e7a[ment] N\u00faria Bach - Centre de Logop\u00e8dia - Josefines,3 - 08224 Terrassa - Tel: 930295137 - Email: info@nuriabach.com\",\"breadcrumb\":{\"@id\":\"https:\/\/nuriabach.com\/?page_id=24#breadcrumb\"},\"inLanguage\":\"es\",\"potentialAction\":[{\"@type\":\"ReadAction\",\"target\":[\"https:\/\/nuriabach.com\/?page_id=24\"]}]},{\"@type\":\"ImageObject\",\"inLanguage\":\"es\",\"@id\":\"https:\/\/nuriabach.com\/?page_id=24#primaryimage\",\"url\":\"http:\/\/nuriabach.com\/wp-content\/uploads\/2020\/08\/Ubicacion10.png\",\"contentUrl\":\"http:\/\/nuriabach.com\/wp-content\/uploads\/2020\/08\/Ubicacion10.png\",\"width\":70,\"height\":70},{\"@type\":\"BreadcrumbList\",\"@id\":\"https:\/\/nuriabach.com\/?page_id=24#breadcrumb\",\"itemListElement\":[{\"@type\":\"ListItem\",\"position\":1,\"name\":\"Portada\",\"item\":\"http:\/\/nuriabach.com\/\"},{\"@type\":\"ListItem\",\"position\":2,\"name\":\"Contacte\"}]},{\"@type\":\"WebSite\",\"@id\":\"http:\/\/nuriabach.com\/#website\",\"url\":\"http:\/\/nuriabach.com\/\",\"name\":\"N\u00faria Bach - Comen\u00e7a [ment]\",\"description\":\"Logopedia\",\"publisher\":{\"@id\":\"http:\/\/nuriabach.com\/#\/schema\/person\/e73745eb64b20853c8befbcb3e026f1b\"},\"potentialAction\":[{\"@type\":\"SearchAction\",\"target\":{\"@type\":\"EntryPoint\",\"urlTemplate\":\"http:\/\/nuriabach.com\/?s={search_term_string}\"},\"query-input\":{\"@type\":\"PropertyValueSpecification\",\"valueRequired\":true,\"valueName\":\"search_term_string\"}}],\"inLanguage\":\"es\"},{\"@type\":[\"Person\",\"Organization\"],\"@id\":\"http:\/\/nuriabach.com\/#\/schema\/person\/e73745eb64b20853c8befbcb3e026f1b\",\"name\":\"Nuria Bach Canton\",\"image\":{\"@type\":\"ImageObject\",\"inLanguage\":\"es\",\"@id\":\"http:\/\/nuriabach.com\/#\/schema\/person\/image\/\",\"url\":\"http:\/\/nuriabach.com\/wp-content\/uploads\/2020\/07\/cropped-logonurianou-1.png\",\"contentUrl\":\"http:\/\/nuriabach.com\/wp-content\/uploads\/2020\/07\/cropped-logonurianou-1.png\",\"width\":422,\"height\":205,\"caption\":\"Nuria Bach Canton\"},\"logo\":{\"@id\":\"http:\/\/nuriabach.com\/#\/schema\/person\/image\/\"},\"sameAs\":[\"http:\/\/nuriabach.com\"]}]}<\/script>\n<!-- \/ Yoast SEO plugin. -->","yoast_head_json":{"title":"Contacte - N\u00faria Bach - Comen\u00e7a [ment]","description":"Comen\u00e7a[ment] N\u00faria Bach - Centre de Logop\u00e8dia - Josefines,3 - 08224 Terrassa - Tel: 930295137 - Email: info@nuriabach.com","robots":{"index":"index","follow":"follow","max-snippet":"max-snippet:-1","max-image-preview":"max-image-preview:large","max-video-preview":"max-video-preview:-1"},"canonical":"https:\/\/nuriabach.com\/?page_id=24","og_locale":"es_ES","og_type":"article","og_title":"Contacte - N\u00faria Bach - Comen\u00e7a [ment]","og_description":"Comen\u00e7a[ment] N\u00faria Bach - Centre de Logop\u00e8dia - Josefines,3 - 08224 Terrassa - Tel: 930295137 - Email: info@nuriabach.com","og_url":"https:\/\/nuriabach.com\/?page_id=24","og_site_name":"N\u00faria Bach - Comen\u00e7a [ment]","article_modified_time":"2020-08-22T06:26:18+00:00","og_image":[{"url":"http:\/\/nuriabach.com\/wp-content\/uploads\/2020\/08\/Ubicacion10.png","type":"","width":"","height":""}],"twitter_card":"summary_large_image","schema":{"@context":"https:\/\/schema.org","@graph":[{"@type":"WebPage","@id":"https:\/\/nuriabach.com\/?page_id=24","url":"https:\/\/nuriabach.com\/?page_id=24","name":"Contacte - N\u00faria Bach - Comen\u00e7a [ment]","isPartOf":{"@id":"http:\/\/nuriabach.com\/#website"},"primaryImageOfPage":{"@id":"https:\/\/nuriabach.com\/?page_id=24#primaryimage"},"image":{"@id":"https:\/\/nuriabach.com\/?page_id=24#primaryimage"},"thumbnailUrl":"http:\/\/nuriabach.com\/wp-content\/uploads\/2020\/08\/Ubicacion10.png","datePublished":"2020-08-01T17:32:51+00:00","dateModified":"2020-08-22T06:26:18+00:00","description":"Comen\u00e7a[ment] N\u00faria Bach - Centre de Logop\u00e8dia - Josefines,3 - 08224 Terrassa - Tel: 930295137 - Email: info@nuriabach.com","breadcrumb":{"@id":"https:\/\/nuriabach.com\/?page_id=24#breadcrumb"},"inLanguage":"es","potentialAction":[{"@type":"ReadAction","target":["https:\/\/nuriabach.com\/?page_id=24"]}]},{"@type":"ImageObject","inLanguage":"es","@id":"https:\/\/nuriabach.com\/?page_id=24#primaryimage","url":"http:\/\/nuriabach.com\/wp-content\/uploads\/2020\/08\/Ubicacion10.png","contentUrl":"http:\/\/nuriabach.com\/wp-content\/uploads\/2020\/08\/Ubicacion10.png","width":70,"height":70},{"@type":"BreadcrumbList","@id":"https:\/\/nuriabach.com\/?page_id=24#breadcrumb","itemListElement":[{"@type":"ListItem","position":1,"name":"Portada","item":"http:\/\/nuriabach.com\/"},{"@type":"ListItem","position":2,"name":"Contacte"}]},{"@type":"WebSite","@id":"http:\/\/nuriabach.com\/#website","url":"http:\/\/nuriabach.com\/","name":"N\u00faria Bach - Comen\u00e7a [ment]","description":"Logopedia","publisher":{"@id":"http:\/\/nuriabach.com\/#\/schema\/person\/e73745eb64b20853c8befbcb3e026f1b"},"potentialAction":[{"@type":"SearchAction","target":{"@type":"EntryPoint","urlTemplate":"http:\/\/nuriabach.com\/?s={search_term_string}"},"query-input":{"@type":"PropertyValueSpecification","valueRequired":true,"valueName":"search_term_string"}}],"inLanguage":"es"},{"@type":["Person","Organization"],"@id":"http:\/\/nuriabach.com\/#\/schema\/person\/e73745eb64b20853c8befbcb3e026f1b","name":"Nuria Bach Canton","image":{"@type":"ImageObject","inLanguage":"es","@id":"http:\/\/nuriabach.com\/#\/schema\/person\/image\/","url":"http:\/\/nuriabach.com\/wp-content\/uploads\/2020\/07\/cropped-logonurianou-1.png","contentUrl":"http:\/\/nuriabach.com\/wp-content\/uploads\/2020\/07\/cropped-logonurianou-1.png","width":422,"height":205,"caption":"Nuria Bach Canton"},"logo":{"@id":"http:\/\/nuriabach.com\/#\/schema\/person\/image\/"},"sameAs":["http:\/\/nuriabach.com"]}]}},"_links":{"self":[{"href":"http:\/\/nuriabach.com\/index.php?rest_route=\/wp\/v2\/pages\/24","targetHints":{"allow":["GET"]}}],"collection":[{"href":"http:\/\/nuriabach.com\/index.php?rest_route=\/wp\/v2\/pages"}],"about":[{"href":"http:\/\/nuriabach.com\/index.php?rest_route=\/wp\/v2\/types\/page"}],"author":[{"embeddable":true,"href":"http:\/\/nuriabach.com\/index.php?rest_route=\/wp\/v2\/users\/1"}],"replies":[{"embeddable":true,"href":"http:\/\/nuriabach.com\/index.php?rest_route=%2Fwp%2Fv2%2Fcomments&post=24"}],"version-history":[{"count":7,"href":"http:\/\/nuriabach.com\/index.php?rest_route=\/wp\/v2\/pages\/24\/revisions"}],"predecessor-version":[{"id":242,"href":"http:\/\/nuriabach.com\/index.php?rest_route=\/wp\/v2\/pages\/24\/revisions\/242"}],"wp:attachment":[{"href":"http:\/\/nuriabach.com\/index.php?rest_route=%2Fwp%2Fv2%2Fmedia&parent=24"}],"curies":[{"name":"wp","href":"https:\/\/api.w.org\/{rel}","templated":true}]}}